{"id":33,"date":"2022-06-10T21:40:08","date_gmt":"2022-06-10T18:40:08","guid":{"rendered":"https:\/\/mfteknoloji.com\/?page_id=33"},"modified":"2023-05-31T15:29:05","modified_gmt":"2023-05-31T12:29:05","slug":"hakkimizda","status":"publish","type":"page","link":"https:\/\/mfteknoloji.com\/?page_id=33","title":{"rendered":"HAKKIMIZDA"},"content":{"rendered":"<div class=\"wp-block-image\">\n<figure class=\"aligncenter size-full\"><img loading=\"lazy\" decoding=\"async\" width=\"1334\" height=\"560\" src=\"https:\/\/mfteknoloji.com\/wp-content\/uploads\/2022\/06\/VIZYONMISYON-2.jpg\" alt=\"\" class=\"wp-image-510\" srcset=\"https:\/\/mfteknoloji.com\/wp-content\/uploads\/2022\/06\/VIZYONMISYON-2.jpg 1334w, https:\/\/mfteknoloji.com\/wp-content\/uploads\/2022\/06\/VIZYONMISYON-2-300x126.jpg 300w, https:\/\/mfteknoloji.com\/wp-content\/uploads\/2022\/06\/VIZYONMISYON-2-1024x430.jpg 1024w, https:\/\/mfteknoloji.com\/wp-content\/uploads\/2022\/06\/VIZYONMISYON-2-768x322.jpg 768w, https:\/\/mfteknoloji.com\/wp-content\/uploads\/2022\/06\/VIZYONMISYON-2-583x245.jpg 583w\" sizes=\"auto, (max-width: 1334px) 100vw, 1334px\" \/><\/figure>\n<\/div>\n\n\n<p class=\"has-text-align-center\"><strong>MF TEKNOLOJ\u0130 \u015e\u0130RKET\u0130 2018 YILINDA MAK\u0130NA M\u00dcHEND\u0130S\u0130 MUHAMMET M\u00dcBAREK TEMEL TARAFINDAN KURULMU\u015eTUR. \u015e\u0130RKET KURULUMUNDAN \u0130T\u0130BAREN END\u00dcSTR\u0130YEL KONTROL YAZILIM VE OTOMASYON S\u0130STEMLER\u0130 TASARIMI, \u00dcRET\u0130M\u0130 VE KURULUMLARI GER\u00c7EKLE\u015eT\u0130RMEKLE BERABER SEKT\u00d6RDE HIZLI B\u0130R Y\u00dcKSEL\u0130\u015e \u0130VMES\u0130 YAKALAMI\u015eTIR.<\/strong><\/p>\n\n\n\n<p class=\"has-text-align-center\"><strong>KURULU\u015e YER\u0130M\u0130Z GAZ\u0130ANTEP OLMAKLA BERABER  \u00c7ALI\u015eMALARIMIZA 28 FARKLI \u015eEH\u0130RDE DEVAM ETMEKTEY\u0130Z. \u00d6ZEL \u0130MALAT MAK\u0130NE TASARIMLARI, END\u00dcSTR\u0130YEL KONTROL S\u0130STEMLER\u0130 , \u00dcRET\u0130M TES\u0130SLER\u0130, VE YAZILIM DESTEKLER\u0130 BA\u015eTA OLMAK \u00dcZERE  B\u0130R\u00c7OK ALANDA \u00c7ALI\u015eMALARDA  BULUNMKATAYIZ. <\/strong><\/p>\n\n\n\n<p class=\"has-text-align-center\"><strong>MF TEKNOLOJ\u0130 OLARAK B\u0130ZLER FAL\u0130YETTE BULUNDU\u011eUMUZ SEKT\u00d6RDE; B\u0130REYE VE TOPLUMA FAYDALI, YERL\u0130 VE M\u0130LL\u0130 \u00dcRET\u0130MLER GER\u00c7EKLE\u015eT\u0130REREK; \u00c7ALI\u015eANLARIMIZA, M\u00dc\u015eTER\u0130LER\u0130M\u0130ZE VE TOPLUMUMUZA KAL\u0130TEL\u0130 H\u0130ZMET VEREREK, BEKLENT\u0130LER\u0130N\u0130 EN \u00dcST D\u00dcZEYDE KAR\u015eILAMAYI AMA\u00c7LIYORUZ. BUNUNLA BERABER  \u00dcLKEM\u0130ZE DE  KATKIDA BULUNARAK YARINIMIZIN M\u0130RAS\u00c7ILARI GEN\u00c7LER\u0130M\u0130ZE G\u00dcZEL VE G\u00dc\u00c7L\u00dc B\u0130R T\u00dcRK\u0130YE BIRAKMAYI HEDEFLEMEKTEY\u0130Z.<\/strong><\/p>\n","protected":false},"excerpt":{"rendered":"<p>MF TEKNOLOJ\u0130 \u015e\u0130RKET\u0130 2018 YILINDA MAK\u0130NA M\u00dcHEND\u0130S\u0130 MUHAMMET M\u00dcBAREK TEMEL TARAFINDAN KURULMU\u015eTUR. \u015e\u0130RKET KURULUMUNDAN \u0130T\u0130BAREN END\u00dcSTR\u0130YEL KONTROL YAZILIM VE OTOMASYON S\u0130STEMLER\u0130 TASARIMI, \u00dcRET\u0130M\u0130 VE KURULUMLARI &hellip;<\/p>\n","protected":false},"author":1,"featured_media":915,"parent":0,"menu_order":0,"comment_status":"closed","ping_status":"closed","template":"","meta":{"om_disable_all_campaigns":false,"_monsterinsights_skip_tracking":false,"_monsterinsights_sitenote_active":false,"_monsterinsights_sitenote_note":"","_monsterinsights_sitenote_category":0,"footnotes":""},"class_list":["post-33","page","type-page","status-publish","has-post-thumbnail","hentry"],"_links":{"self":[{"href":"https:\/\/mfteknoloji.com\/index.php?rest_route=\/wp\/v2\/pages\/33","targetHints":{"allow":["GET"]}}],"collection":[{"href":"https:\/\/mfteknoloji.com\/index.php?rest_route=\/wp\/v2\/pages"}],"about":[{"href":"https:\/\/mfteknoloji.com\/index.php?rest_route=\/wp\/v2\/types\/page"}],"author":[{"embeddable":true,"href":"https:\/\/mfteknoloji.com\/index.php?rest_route=\/wp\/v2\/users\/1"}],"replies":[{"embeddable":true,"href":"https:\/\/mfteknoloji.com\/index.php?rest_route=%2Fwp%2Fv2%2Fcomments&post=33"}],"version-history":[{"count":21,"href":"https:\/\/mfteknoloji.com\/index.php?rest_route=\/wp\/v2\/pages\/33\/revisions"}],"predecessor-version":[{"id":553,"href":"https:\/\/mfteknoloji.com\/index.php?rest_route=\/wp\/v2\/pages\/33\/revisions\/553"}],"wp:featuredmedia":[{"embeddable":true,"href":"https:\/\/mfteknoloji.com\/index.php?rest_route=\/wp\/v2\/media\/915"}],"wp:attachment":[{"href":"https:\/\/mfteknoloji.com\/index.php?rest_route=%2Fwp%2Fv2%2Fmedia&parent=33"}],"curies":[{"name":"wp","href":"https:\/\/api.w.org\/{rel}","templated":true}]}}