{"id":39,"date":"2022-06-10T21:40:32","date_gmt":"2022-06-10T18:40:32","guid":{"rendered":"https:\/\/mfteknoloji.com\/?page_id=39"},"modified":"2023-05-31T15:33:09","modified_gmt":"2023-05-31T12:33:09","slug":"iletisim","status":"publish","type":"page","link":"https:\/\/mfteknoloji.com\/?page_id=39","title":{"rendered":"\u0130LET\u0130\u015e\u0130M"},"content":{"rendered":"\n<p class=\"has-text-align-center has-accent-1-background-color has-background has-normal-font-size\"><strong><mark style=\"background-color:#e9b44c\" class=\"has-inline-color has-headings-color\">\u0130LET\u0130\u015e\u0130M B\u0130LG\u0130LER\u0130<\/mark><\/strong><\/p>\n\n\n\n<p class=\"has-sitetext-color has-sitebg-background-color has-text-color has-background\"><strong><mark style=\"background-color:rgba(0, 0, 0, 0)\" class=\"has-inline-color has-sitetext-color\">E-POSTA        :mfteknoloji@outlook.com<\/mark><\/strong><\/p>\n\n\n\n<p class=\"has-sitetext-color has-sitebg-background-color has-text-color has-background has-normal-font-size\"><strong><mark style=\"background-color:rgba(0, 0, 0, 0)\" class=\"has-inline-color has-sitetext-color\">TELEFON      :+90 507 970 5194<\/mark><\/strong><\/p>\n\n\n\n<p class=\"has-sitetext-color has-sitebg-background-color has-text-color has-background\"><strong><mark style=\"background-color:rgba(0, 0, 0, 0)\" class=\"has-inline-color has-sitetext-color\">ADRES             : \u00c7amtepe Mahallesi Tevfik Atay Bulvar\u0131 Gaziantep Teknopark&nbsp; \u015eahinbey\/GAZ\u0130ANTEP<\/mark><\/strong><\/p>\n\n\n\n<p><\/p>\n\n\n\n<iframe src=\"https:\/\/www.google.com\/maps\/embed?pb=!1m18!1m12!1m3!1d3185.2615992005453!2d37.304974515296344!3d37.0274084799024!2m3!1f0!2f0!3f0!3m2!1i1024!2i768!4f13.1!3m3!1m2!1s0x1531dffcd472a58d%3A0xd0e5357d74ad6f3e!2sGaziantep%20%C3%9Cniversitesi%20Teknopark!5e0!3m2!1str!2str!4v1655025205688!5m2!1str!2str\" width=\"1100\" height=\"600\" style=\"border:0;\" allowfullscreen=\"\" loading=\"lazy\" referrerpolicy=\"no-referrer-when-downgrade\"><\/iframe>\n\n\n\n<hr class=\"wp-block-separator has-alpha-channel-opacity\"\/>\n\n\n\n<p class=\"has-text-align-center has-large-font-size\"><strong>B\u0130ZE YAZIN<\/strong><\/p>\n\n\n\n<div class=\"wp-block-columns is-layout-flex wp-container-core-columns-is-layout-9d6595d7 wp-block-columns-is-layout-flex\">\n<div class=\"wp-block-column is-layout-flow wp-block-column-is-layout-flow\">\n<figure class=\"wp-block-image size-large is-resized\"><img loading=\"lazy\" decoding=\"async\" src=\"https:\/\/mfteknoloji.com\/wp-content\/uploads\/2023\/05\/pexels-photo-2111759-683x1024.jpg\" alt=\"\" class=\"wp-image-917\" width=\"609\" height=\"913\" srcset=\"https:\/\/mfteknoloji.com\/wp-content\/uploads\/2023\/05\/pexels-photo-2111759-683x1024.jpg 683w, https:\/\/mfteknoloji.com\/wp-content\/uploads\/2023\/05\/pexels-photo-2111759-200x300.jpg 200w, https:\/\/mfteknoloji.com\/wp-content\/uploads\/2023\/05\/pexels-photo-2111759-768x1152.jpg 768w, https:\/\/mfteknoloji.com\/wp-content\/uploads\/2023\/05\/pexels-photo-2111759-1024x1536.jpg 1024w, https:\/\/mfteknoloji.com\/wp-content\/uploads\/2023\/05\/pexels-photo-2111759-1365x2048.jpg 1365w, https:\/\/mfteknoloji.com\/wp-content\/uploads\/2023\/05\/pexels-photo-2111759-220x330.jpg 220w, https:\/\/mfteknoloji.com\/wp-content\/uploads\/2023\/05\/pexels-photo-2111759-scaled.jpg 1707w\" sizes=\"auto, (max-width: 609px) 100vw, 609px\" \/><\/figure>\n<\/div>\n\n\n\n<div class=\"wp-block-column is-layout-flow wp-block-column-is-layout-flow\">\n<div class=\"wp-block-contact-form-7-contact-form-selector\">\n<div class=\"wpcf7 no-js\" id=\"wpcf7-f382-o1\" lang=\"tr-TR\" dir=\"ltr\" data-wpcf7-id=\"382\">\n<div class=\"screen-reader-response\"><p role=\"status\" aria-live=\"polite\" aria-atomic=\"true\"><\/p> <ul><\/ul><\/div>\n<form action=\"\/index.php?rest_route=%2Fwp%2Fv2%2Fpages%2F39#wpcf7-f382-o1\" method=\"post\" class=\"wpcf7-form init\" aria-label=\"\u0130leti\u015fim Formu\" novalidate=\"novalidate\" data-status=\"init\">\n<fieldset class=\"hidden-fields-container\"><input type=\"hidden\" name=\"_wpcf7\" value=\"382\" \/><input type=\"hidden\" name=\"_wpcf7_version\" value=\"6.1.5\" \/><input type=\"hidden\" name=\"_wpcf7_locale\" value=\"tr_TR\" \/><input type=\"hidden\" name=\"_wpcf7_unit_tag\" value=\"wpcf7-f382-o1\" \/><input type=\"hidden\" name=\"_wpcf7_container_post\" value=\"0\" \/><input type=\"hidden\" name=\"_wpcf7_posted_data_hash\" value=\"\" \/>\n<\/fieldset>\n<p><label> Ad\u0131n\u0131z<br \/>\n<span class=\"wpcf7-form-control-wrap\" data-name=\"your-name\"><input size=\"40\" maxlength=\"400\" class=\"wpcf7-form-control wpcf7-text wpcf7-validates-as-required\" aria-required=\"true\" aria-invalid=\"false\" value=\"\" type=\"text\" name=\"your-name\" \/><\/span> <\/label>\n<\/p>\n<p><label> Soyad\u0131n\u0131z<br \/>\n<span class=\"wpcf7-form-control-wrap\" data-name=\"your-surname\"><input size=\"40\" maxlength=\"400\" class=\"wpcf7-form-control wpcf7-text wpcf7-validates-as-required\" aria-required=\"true\" aria-invalid=\"false\" value=\"\" type=\"text\" name=\"your-surname\" \/><\/span> <\/label>\n<\/p>\n<p><label> E-posta adresiniz<br \/>\n<span class=\"wpcf7-form-control-wrap\" data-name=\"your-email\"><input size=\"40\" maxlength=\"400\" class=\"wpcf7-form-control wpcf7-email wpcf7-validates-as-required wpcf7-text wpcf7-validates-as-email\" aria-required=\"true\" aria-invalid=\"false\" value=\"\" type=\"email\" name=\"your-email\" \/><\/span> <\/label>\n<\/p>\n<p><label> Konu<br \/>\n<span class=\"wpcf7-form-control-wrap\" data-name=\"your-subject\"><input size=\"40\" maxlength=\"400\" class=\"wpcf7-form-control wpcf7-text wpcf7-validates-as-required\" aria-required=\"true\" aria-invalid=\"false\" value=\"\" type=\"text\" name=\"your-subject\" \/><\/span> <\/label>\n<\/p>\n<p><label> \u0130letiniz (tercihe ba\u011fl\u0131)<br \/>\n<span class=\"wpcf7-form-control-wrap\" data-name=\"your-message\"><textarea cols=\"40\" rows=\"10\" maxlength=\"2000\" class=\"wpcf7-form-control wpcf7-textarea\" aria-invalid=\"false\" name=\"your-message\"><\/textarea><\/span> <\/label>\n<\/p>\n<p><label> G\u00fcvenlik Sorusu<br \/>\n<span class=\"wpcf7-form-control-wrap\" data-name=\"GvenlikSorusu\"><label><span class=\"wpcf7-quiz-label\">3+3=?<\/span> <input size=\"40\" class=\"wpcf7-form-control wpcf7-quiz\" autocomplete=\"off\" aria-required=\"true\" aria-invalid=\"false\" type=\"text\" name=\"GvenlikSorusu\" \/><\/label><input type=\"hidden\" name=\"_wpcf7_quiz_answer_GvenlikSorusu\" value=\"fe65e9750e1183237d05a03424d7df19\" \/><\/span><br \/>\n<input class=\"wpcf7-form-control wpcf7-submit has-spinner\" type=\"submit\" value=\"G\u00f6nder\" \/><\/label>\n<\/p><div class=\"wpcf7-response-output\" aria-hidden=\"true\"><\/div>\n<\/form>\n<\/div>\n<\/div>\n<\/div>\n<\/div>\n","protected":false},"excerpt":{"rendered":"<p>\u0130LET\u0130\u015e\u0130M B\u0130LG\u0130LER\u0130 E-POSTA :mfteknoloji@outlook.com TELEFON :+90 507 970 5194 ADRES : \u00c7amtepe Mahallesi Tevfik Atay Bulvar\u0131 Gaziantep Teknopark&nbsp; \u015eahinbey\/GAZ\u0130ANTEP B\u0130ZE YAZIN<\/p>\n","protected":false},"author":1,"featured_media":916,"parent":0,"menu_order":0,"comment_status":"closed","ping_status":"closed","template":"","meta":{"om_disable_all_campaigns":false,"_monsterinsights_skip_tracking":false,"_monsterinsights_sitenote_active":false,"_monsterinsights_sitenote_note":"","_monsterinsights_sitenote_category":0,"footnotes":""},"class_list":["post-39","page","type-page","status-publish","has-post-thumbnail","hentry"],"_links":{"self":[{"href":"https:\/\/mfteknoloji.com\/index.php?rest_route=\/wp\/v2\/pages\/39","targetHints":{"allow":["GET"]}}],"collection":[{"href":"https:\/\/mfteknoloji.com\/index.php?rest_route=\/wp\/v2\/pages"}],"about":[{"href":"https:\/\/mfteknoloji.com\/index.php?rest_route=\/wp\/v2\/types\/page"}],"author":[{"embeddable":true,"href":"https:\/\/mfteknoloji.com\/index.php?rest_route=\/wp\/v2\/users\/1"}],"replies":[{"embeddable":true,"href":"https:\/\/mfteknoloji.com\/index.php?rest_route=%2Fwp%2Fv2%2Fcomments&post=39"}],"version-history":[{"count":30,"href":"https:\/\/mfteknoloji.com\/index.php?rest_route=\/wp\/v2\/pages\/39\/revisions"}],"predecessor-version":[{"id":920,"href":"https:\/\/mfteknoloji.com\/index.php?rest_route=\/wp\/v2\/pages\/39\/revisions\/920"}],"wp:featuredmedia":[{"embeddable":true,"href":"https:\/\/mfteknoloji.com\/index.php?rest_route=\/wp\/v2\/media\/916"}],"wp:attachment":[{"href":"https:\/\/mfteknoloji.com\/index.php?rest_route=%2Fwp%2Fv2%2Fmedia&parent=39"}],"curies":[{"name":"wp","href":"https:\/\/api.w.org\/{rel}","templated":true}]}}