{"id":45,"date":"2022-06-10T21:43:23","date_gmt":"2022-06-10T18:43:23","guid":{"rendered":"https:\/\/mfteknoloji.com\/?page_id=45"},"modified":"2025-11-15T00:43:27","modified_gmt":"2025-11-14T21:43:27","slug":"ana-sayfa","status":"publish","type":"page","link":"https:\/\/mfteknoloji.com\/","title":{"rendered":"ANA SAYFA"},"content":{"rendered":"\n<figure class=\"wp-block-gallery has-nested-images columns-default is-cropped wp-block-gallery-1 is-layout-flex wp-block-gallery-is-layout-flex\">\n<figure class=\"wp-block-image size-full is-style-default\"><img loading=\"lazy\" decoding=\"async\" width=\"256\" height=\"256\" data-id=\"923\" src=\"https:\/\/darkgreen-eagle-671405.hostingersite.com\/wp-content\/uploads\/2023\/05\/crane-4073_256.gif\" alt=\"\" class=\"wp-image-923\"\/><\/figure>\n\n\n\n<figure class=\"wp-block-image size-full is-style-default\"><img loading=\"lazy\" decoding=\"async\" width=\"256\" height=\"256\" data-id=\"925\" src=\"https:\/\/darkgreen-eagle-671405.hostingersite.com\/wp-content\/uploads\/2023\/05\/clock-806_256.gif\" alt=\"\" class=\"wp-image-925\"\/><\/figure>\n\n\n\n<figure class=\"wp-block-image size-full is-style-default\"><img loading=\"lazy\" decoding=\"async\" width=\"256\" height=\"154\" data-id=\"921\" src=\"https:\/\/darkgreen-eagle-671405.hostingersite.com\/wp-content\/uploads\/2023\/05\/gears-300_256.gif\" alt=\"\" class=\"wp-image-921\"\/><\/figure>\n<\/figure>\n\n\n\n<hr class=\"wp-block-separator has-text-color has-sitebg-color has-alpha-channel-opacity has-sitebg-background-color has-background is-style-wide\"\/>\n\n\n\n<div class=\"wp-block-columns is-layout-flex wp-container-core-columns-is-layout-9d6595d7 wp-block-columns-is-layout-flex\">\n<div class=\"wp-block-column is-vertically-aligned-center has-accent-1-background-color has-background is-layout-flow wp-block-column-is-layout-flow\">\n<p class=\"has-text-align-center has-sitetext-color has-text-color has-normal-font-size\"><strong>KURULUM<\/strong><\/p>\n\n\n\n<hr class=\"wp-block-separator has-alpha-channel-opacity\"\/>\n<\/div>\n\n\n\n<div class=\"wp-block-column is-vertically-aligned-center has-accent-1-background-color has-background is-layout-flow wp-block-column-is-layout-flow\">\n<p class=\"has-text-align-center has-normal-font-size\"><strong>TEKN\u0130K DESTEK<\/strong><\/p>\n\n\n\n<hr class=\"wp-block-separator has-alpha-channel-opacity\"\/>\n<\/div>\n\n\n\n<div class=\"wp-block-column is-vertically-aligned-center has-accent-1-background-color has-background is-layout-flow wp-block-column-is-layout-flow\">\n<p class=\"has-text-align-center has-normal-font-size\"><strong>\u00dcRET\u0130M<\/strong><\/p>\n\n\n\n<hr class=\"wp-block-separator has-alpha-channel-opacity\"\/>\n<\/div>\n<\/div>\n\n\n\n<div class=\"wp-block-columns is-layout-flex wp-container-core-columns-is-layout-9d6595d7 wp-block-columns-is-layout-flex\">\n<div class=\"wp-block-column is-layout-flow wp-block-column-is-layout-flow\">\n<figure class=\"wp-block-image size-large is-resized\"><img loading=\"lazy\" decoding=\"async\" src=\"https:\/\/darkgreen-eagle-671405.hostingersite.com\/wp-content\/uploads\/2023\/01\/WhatsApp-Image-2023-01-03-at-17.07.37-2-1-1024x786.jpeg\" alt=\"\" class=\"wp-image-780\" width=\"571\" height=\"437\" srcset=\"https:\/\/mfteknoloji.com\/wp-content\/uploads\/2023\/01\/WhatsApp-Image-2023-01-03-at-17.07.37-2-1-1024x786.jpeg 1024w, https:\/\/mfteknoloji.com\/wp-content\/uploads\/2023\/01\/WhatsApp-Image-2023-01-03-at-17.07.37-2-1-300x230.jpeg 300w, https:\/\/mfteknoloji.com\/wp-content\/uploads\/2023\/01\/WhatsApp-Image-2023-01-03-at-17.07.37-2-1-768x589.jpeg 768w, https:\/\/mfteknoloji.com\/wp-content\/uploads\/2023\/01\/WhatsApp-Image-2023-01-03-at-17.07.37-2-1-1536x1178.jpeg 1536w, https:\/\/mfteknoloji.com\/wp-content\/uploads\/2023\/01\/WhatsApp-Image-2023-01-03-at-17.07.37-2-1-430x330.jpeg 430w, https:\/\/mfteknoloji.com\/wp-content\/uploads\/2023\/01\/WhatsApp-Image-2023-01-03-at-17.07.37-2-1.jpeg 2048w\" sizes=\"auto, (max-width: 571px) 100vw, 571px\" \/><\/figure>\n<\/div>\n\n\n\n<div class=\"wp-block-column is-layout-flow wp-block-column-is-layout-flow\">\n<h1 class=\"has-text-align-center has-large-font-size wp-block-heading\"><strong>Kusursuz M\u00fchendislik, Y\u00fcksek Performans, \u0130yi Kalite<\/strong><\/h1>\n\n\n\n<div class=\"wp-block-group is-vertical is-content-justification-center is-layout-flex wp-container-core-group-is-layout-4b2eccd6 wp-block-group-is-layout-flex\">\n<p class=\"has-text-align-left has-normal-font-size\">    MF Teknoloji anahtar teslim yerli \u00fcretim end\u00fcstriyel makine ve tesis kurulumlar\u0131 alan\u0131nda faaliyet g\u00f6stermektedir.<\/p>\n\n\n\n<p class=\"has-text-align-left has-normal-font-size\">   MF Teknoloji, 2018 y\u0131l\u0131nda kurulmu\u015f olup T\u00fcrkiye\u2019de \u00f6zellikle yurt d\u0131\u015f\u0131ndan ithal edilen ham madde \u00fcretim tesislerini ve makinelerini tasarlamakta ve \u00fcretmektedir. <\/p>\n<\/div>\n<\/div>\n<\/div>\n\n\n\n<div class=\"wp-block-group\"><div class=\"wp-block-group__inner-container is-layout-flow wp-block-group-is-layout-flow\">\n<h1 class=\"has-text-align-center wp-block-heading\"><\/h1>\n\n\n\n<div class=\"wp-block-columns is-layout-flex wp-container-core-columns-is-layout-9d6595d7 wp-block-columns-is-layout-flex\">\n<div class=\"wp-block-column is-layout-flow wp-block-column-is-layout-flow\">\n<div class=\"wp-block-group is-vertical is-content-justification-center is-layout-flex wp-container-core-group-is-layout-4b2eccd6 wp-block-group-is-layout-flex\">\n<div class=\"wp-block-group is-vertical is-content-justification-center is-layout-flex wp-container-core-group-is-layout-4b2eccd6 wp-block-group-is-layout-flex\">\n<p>   <\/p>\n\n\n\n<p>   Firmam\u0131z, uzman m\u00fchendislerinden olu\u015fan ekibi ile m\u00fc\u015fterilerinin taleplerine ve proseslere uygun sistemleri kaliteli ve titiz i\u015fg\u00fcc\u00fc \u00e7al\u0131\u015fmalar\u0131 ile hayata ge\u00e7irmektedir. <\/p>\n\n\n\n<p>   Kuruldu\u011fu g\u00fcnden bu g\u00fcne s\u00fcrekli ve istikrarl\u0131 bir b\u00fcy\u00fcme kaydeden MF Teknoloji end\u00fcstriyel yerli \u00fcretim makine imalat\u0131 konusunda yat\u0131r\u0131m sahiplerinin \u00e7\u00f6z\u00fcm orta\u011f\u0131 konumundad\u0131r.<\/p>\n<\/div>\n<\/div>\n<\/div>\n\n\n\n<div class=\"wp-block-column is-layout-flow wp-block-column-is-layout-flow\"><div class=\"wp-block-image\">\n<figure class=\"aligncenter size-full is-resized\"><img loading=\"lazy\" decoding=\"async\" src=\"https:\/\/darkgreen-eagle-671405.hostingersite.com\/wp-content\/uploads\/2023\/01\/Adsiz1.jpg\" alt=\"\" class=\"wp-image-899\" width=\"464\" height=\"352\"\/><\/figure>\n<\/div><\/div>\n<\/div>\n\n\n\n<p class=\"has-text-align-center\"><\/p>\n<\/div><\/div>\n\n\n\n<hr class=\"wp-block-separator has-alpha-channel-opacity is-style-wide\"\/>\n\n\n\n<p class=\"has-text-align-left has-accent-1-background-color has-background has-large-font-size\"><strong>KURULUMLARIMIZ  HIZ KESMEDEN DEVAM ED\u0130YOR&#8230;<\/strong><\/p>\n\n\n\n<div class=\"wp-block-columns is-layout-flex wp-container-core-columns-is-layout-9d6595d7 wp-block-columns-is-layout-flex\">\n<div class=\"wp-block-column is-layout-flow wp-block-column-is-layout-flow\">\n<figure class=\"wp-block-video aligncenter\"><video height=\"854\" style=\"aspect-ratio: 570 \/ 854;\" width=\"570\" autoplay controls muted preload=\"auto\" src=\"https:\/\/darkgreen-eagle-671405.hostingersite.com\/wp-content\/uploads\/2023\/01\/VID_20221205_092841_088.mp4\"><\/video><\/figure>\n<\/div>\n\n\n\n<div class=\"wp-block-column is-vertically-aligned-center is-layout-flow wp-block-column-is-layout-flow\">\n<figure class=\"wp-block-image size-large is-resized\"><img loading=\"lazy\" decoding=\"async\" src=\"https:\/\/darkgreen-eagle-671405.hostingersite.com\/wp-content\/uploads\/2023\/01\/Fotoram.io_-1024x543.jpg\" alt=\"\" class=\"wp-image-861\" width=\"411\" height=\"217\" srcset=\"https:\/\/mfteknoloji.com\/wp-content\/uploads\/2023\/01\/Fotoram.io_-1024x543.jpg 1024w, https:\/\/mfteknoloji.com\/wp-content\/uploads\/2023\/01\/Fotoram.io_-300x159.jpg 300w, https:\/\/mfteknoloji.com\/wp-content\/uploads\/2023\/01\/Fotoram.io_-768x407.jpg 768w, https:\/\/mfteknoloji.com\/wp-content\/uploads\/2023\/01\/Fotoram.io_-583x309.jpg 583w, https:\/\/mfteknoloji.com\/wp-content\/uploads\/2023\/01\/Fotoram.io_.jpg 1200w\" sizes=\"auto, (max-width: 411px) 100vw, 411px\" \/><\/figure>\n<\/div>\n\n\n\n<div class=\"wp-block-column is-vertically-aligned-center is-layout-flow wp-block-column-is-layout-flow\">\n<figure class=\"wp-block-video\"><video height=\"854\" style=\"aspect-ratio: 570 \/ 854;\" width=\"570\" autoplay controls muted src=\"https:\/\/darkgreen-eagle-671405.hostingersite.com\/wp-content\/uploads\/2023\/01\/video5911100641228360884.mp4\"><\/video><\/figure>\n<\/div>\n<\/div>\n","protected":false},"excerpt":{"rendered":"<p>KURULUM TEKN\u0130K DESTEK \u00dcRET\u0130M Kusursuz M\u00fchendislik, Y\u00fcksek Performans, \u0130yi Kalite MF Teknoloji anahtar teslim yerli \u00fcretim end\u00fcstriyel makine ve tesis kurulumlar\u0131 alan\u0131nda faaliyet g\u00f6stermektedir. MF &hellip;<\/p>\n","protected":false},"author":1,"featured_media":326,"parent":0,"menu_order":0,"comment_status":"closed","ping_status":"closed","template":"","meta":{"om_disable_all_campaigns":false,"_monsterinsights_skip_tracking":false,"_monsterinsights_sitenote_active":false,"_monsterinsights_sitenote_note":"","_monsterinsights_sitenote_category":0,"footnotes":""},"class_list":["post-45","page","type-page","status-publish","has-post-thumbnail","hentry"],"_links":{"self":[{"href":"https:\/\/mfteknoloji.com\/index.php?rest_route=\/wp\/v2\/pages\/45","targetHints":{"allow":["GET"]}}],"collection":[{"href":"https:\/\/mfteknoloji.com\/index.php?rest_route=\/wp\/v2\/pages"}],"about":[{"href":"https:\/\/mfteknoloji.com\/index.php?rest_route=\/wp\/v2\/types\/page"}],"author":[{"embeddable":true,"href":"https:\/\/mfteknoloji.com\/index.php?rest_route=\/wp\/v2\/users\/1"}],"replies":[{"embeddable":true,"href":"https:\/\/mfteknoloji.com\/index.php?rest_route=%2Fwp%2Fv2%2Fcomments&post=45"}],"version-history":[{"count":132,"href":"https:\/\/mfteknoloji.com\/index.php?rest_route=\/wp\/v2\/pages\/45\/revisions"}],"predecessor-version":[{"id":929,"href":"https:\/\/mfteknoloji.com\/index.php?rest_route=\/wp\/v2\/pages\/45\/revisions\/929"}],"wp:featuredmedia":[{"embeddable":true,"href":"https:\/\/mfteknoloji.com\/index.php?rest_route=\/wp\/v2\/media\/326"}],"wp:attachment":[{"href":"https:\/\/mfteknoloji.com\/index.php?rest_route=%2Fwp%2Fv2%2Fmedia&parent=45"}],"curies":[{"name":"wp","href":"https:\/\/api.w.org\/{rel}","templated":true}]}}