{"id":47,"date":"2022-06-10T21:43:23","date_gmt":"2022-06-10T18:43:23","guid":{"rendered":"https:\/\/mfteknoloji.com\/?page_id=47"},"modified":"2023-01-17T20:10:56","modified_gmt":"2023-01-17T17:10:56","slug":"urunler","status":"publish","type":"page","link":"https:\/\/mfteknoloji.com\/?page_id=47","title":{"rendered":"\u00dcRET\u0130M TES\u0130SLER\u0130"},"content":{"rendered":"\n<div class=\"wp-block-group\"><div class=\"wp-block-group__inner-container is-layout-flow wp-block-group-is-layout-flow\">\n<div class=\"wp-block-columns is-layout-flex wp-container-core-columns-is-layout-9d6595d7 wp-block-columns-is-layout-flex\">\n<div class=\"wp-block-column is-layout-flow wp-block-column-is-layout-flow\">\n<hr class=\"wp-block-separator has-alpha-channel-opacity\"\/>\n\n\n\n<p class=\"has-text-align-center\"><strong>KATI KATI\u015eTIRICI \u00dcRET\u0130M HATTI<\/strong><\/p>\n\n\n\n<hr class=\"wp-block-separator has-alpha-channel-opacity\"\/>\n\n\n\n<div class=\"wp-block-columns is-layout-flex wp-container-core-columns-is-layout-9d6595d7 wp-block-columns-is-layout-flex\">\n<div class=\"wp-block-column is-layout-flow wp-block-column-is-layout-flow\">\n<figure class=\"wp-block-gallery has-nested-images columns-default is-cropped wp-block-gallery-1 is-layout-flex wp-block-gallery-is-layout-flex\">\n<figure class=\"wp-block-image size-full\"><img loading=\"lazy\" decoding=\"async\" width=\"534\" height=\"716\" data-id=\"907\" src=\"https:\/\/mfteknoloji.com\/wp-content\/uploads\/2023\/01\/Adsiz2.jpg\" alt=\"\" class=\"wp-image-907\" srcset=\"https:\/\/mfteknoloji.com\/wp-content\/uploads\/2023\/01\/Adsiz2.jpg 534w, https:\/\/mfteknoloji.com\/wp-content\/uploads\/2023\/01\/Adsiz2-224x300.jpg 224w, https:\/\/mfteknoloji.com\/wp-content\/uploads\/2023\/01\/Adsiz2-246x330.jpg 246w\" sizes=\"auto, (max-width: 534px) 100vw, 534px\" \/><\/figure>\n\n\n\n<figure class=\"wp-block-image size-full\"><img loading=\"lazy\" decoding=\"async\" width=\"944\" height=\"720\" data-id=\"908\" src=\"https:\/\/mfteknoloji.com\/wp-content\/uploads\/2023\/01\/Adsiz1-2.jpg\" alt=\"\" class=\"wp-image-908\" srcset=\"https:\/\/mfteknoloji.com\/wp-content\/uploads\/2023\/01\/Adsiz1-2.jpg 944w, https:\/\/mfteknoloji.com\/wp-content\/uploads\/2023\/01\/Adsiz1-2-300x229.jpg 300w, https:\/\/mfteknoloji.com\/wp-content\/uploads\/2023\/01\/Adsiz1-2-768x586.jpg 768w, https:\/\/mfteknoloji.com\/wp-content\/uploads\/2023\/01\/Adsiz1-2-433x330.jpg 433w\" sizes=\"auto, (max-width: 944px) 100vw, 944px\" \/><\/figure>\n\n\n\n<figure class=\"wp-block-image size-full\"><img loading=\"lazy\" decoding=\"async\" width=\"532\" height=\"712\" data-id=\"909\" src=\"https:\/\/mfteknoloji.com\/wp-content\/uploads\/2023\/01\/Adsiz3.jpg\" alt=\"\" class=\"wp-image-909\" srcset=\"https:\/\/mfteknoloji.com\/wp-content\/uploads\/2023\/01\/Adsiz3.jpg 532w, https:\/\/mfteknoloji.com\/wp-content\/uploads\/2023\/01\/Adsiz3-224x300.jpg 224w, https:\/\/mfteknoloji.com\/wp-content\/uploads\/2023\/01\/Adsiz3-247x330.jpg 247w\" sizes=\"auto, (max-width: 532px) 100vw, 532px\" \/><\/figure>\n\n\n\n<figure class=\"wp-block-image size-large\"><img loading=\"lazy\" decoding=\"async\" width=\"1024\" height=\"426\" data-id=\"772\" src=\"https:\/\/mfteknoloji.com\/wp-content\/uploads\/2023\/01\/1672585083995-5-1024x426.jpg\" alt=\"\" class=\"wp-image-772\" srcset=\"https:\/\/mfteknoloji.com\/wp-content\/uploads\/2023\/01\/1672585083995-5-1024x426.jpg 1024w, https:\/\/mfteknoloji.com\/wp-content\/uploads\/2023\/01\/1672585083995-5-300x125.jpg 300w, https:\/\/mfteknoloji.com\/wp-content\/uploads\/2023\/01\/1672585083995-5-768x320.jpg 768w, https:\/\/mfteknoloji.com\/wp-content\/uploads\/2023\/01\/1672585083995-5-1536x639.jpg 1536w, https:\/\/mfteknoloji.com\/wp-content\/uploads\/2023\/01\/1672585083995-5-583x243.jpg 583w, https:\/\/mfteknoloji.com\/wp-content\/uploads\/2023\/01\/1672585083995-5.jpg 1600w\" sizes=\"auto, (max-width: 1024px) 100vw, 1024px\" \/><\/figure>\n\n\n\n<figure class=\"wp-block-image size-large\"><img loading=\"lazy\" decoding=\"async\" width=\"1024\" height=\"426\" data-id=\"771\" src=\"https:\/\/mfteknoloji.com\/wp-content\/uploads\/2023\/01\/1672585083982-12-1024x426.jpg\" alt=\"\" class=\"wp-image-771\" srcset=\"https:\/\/mfteknoloji.com\/wp-content\/uploads\/2023\/01\/1672585083982-12-1024x426.jpg 1024w, https:\/\/mfteknoloji.com\/wp-content\/uploads\/2023\/01\/1672585083982-12-300x125.jpg 300w, https:\/\/mfteknoloji.com\/wp-content\/uploads\/2023\/01\/1672585083982-12-768x320.jpg 768w, https:\/\/mfteknoloji.com\/wp-content\/uploads\/2023\/01\/1672585083982-12-1536x639.jpg 1536w, https:\/\/mfteknoloji.com\/wp-content\/uploads\/2023\/01\/1672585083982-12-583x243.jpg 583w, https:\/\/mfteknoloji.com\/wp-content\/uploads\/2023\/01\/1672585083982-12.jpg 1600w\" sizes=\"auto, (max-width: 1024px) 100vw, 1024px\" \/><\/figure>\n\n\n\n<figure class=\"wp-block-image size-large\"><img loading=\"lazy\" decoding=\"async\" width=\"1024\" height=\"426\" data-id=\"773\" src=\"https:\/\/mfteknoloji.com\/wp-content\/uploads\/2023\/01\/1672585084007-4-1024x426.jpg\" alt=\"\" class=\"wp-image-773\" srcset=\"https:\/\/mfteknoloji.com\/wp-content\/uploads\/2023\/01\/1672585084007-4-1024x426.jpg 1024w, https:\/\/mfteknoloji.com\/wp-content\/uploads\/2023\/01\/1672585084007-4-300x125.jpg 300w, https:\/\/mfteknoloji.com\/wp-content\/uploads\/2023\/01\/1672585084007-4-768x320.jpg 768w, https:\/\/mfteknoloji.com\/wp-content\/uploads\/2023\/01\/1672585084007-4-1536x639.jpg 1536w, https:\/\/mfteknoloji.com\/wp-content\/uploads\/2023\/01\/1672585084007-4-583x243.jpg 583w, https:\/\/mfteknoloji.com\/wp-content\/uploads\/2023\/01\/1672585084007-4.jpg 1600w\" sizes=\"auto, (max-width: 1024px) 100vw, 1024px\" \/><\/figure>\n<\/figure>\n<\/div>\n<\/div>\n<\/div>\n\n\n\n<div class=\"wp-block-column is-layout-flow wp-block-column-is-layout-flow\">\n<hr class=\"wp-block-separator has-alpha-channel-opacity\"\/>\n\n\n\n<p class=\"has-text-align-center\"><strong> H\u0130PO \u00dcRET\u0130M HATTI<\/strong><\/p>\n\n\n\n<hr class=\"wp-block-separator has-alpha-channel-opacity\"\/>\n\n\n\n<div class=\"wp-block-group\"><div class=\"wp-block-group__inner-container is-layout-flow wp-block-group-is-layout-flow\">\n<div class=\"wp-block-group\"><div class=\"wp-block-group__inner-container is-layout-flow wp-block-group-is-layout-flow\">\n<figure class=\"wp-block-gallery has-nested-images columns-default is-cropped has-sitebg-background-color has-background wp-block-gallery-2 is-layout-flex wp-block-gallery-is-layout-flex\">\n<figure class=\"wp-block-image size-large\"><a href=\"https:\/\/mfteknoloji.com\/wp-content\/uploads\/2023\/01\/WhatsApp-Image-2023-01-03-at-17.07.36.jpeg\"><img loading=\"lazy\" decoding=\"async\" width=\"1024\" height=\"800\" data-id=\"687\" src=\"https:\/\/mfteknoloji.com\/wp-content\/uploads\/2023\/01\/WhatsApp-Image-2023-01-03-at-17.07.36-1024x800.jpeg\" alt=\"\" class=\"wp-image-687\" srcset=\"https:\/\/mfteknoloji.com\/wp-content\/uploads\/2023\/01\/WhatsApp-Image-2023-01-03-at-17.07.36-1024x800.jpeg 1024w, https:\/\/mfteknoloji.com\/wp-content\/uploads\/2023\/01\/WhatsApp-Image-2023-01-03-at-17.07.36-300x234.jpeg 300w, https:\/\/mfteknoloji.com\/wp-content\/uploads\/2023\/01\/WhatsApp-Image-2023-01-03-at-17.07.36-768x600.jpeg 768w, https:\/\/mfteknoloji.com\/wp-content\/uploads\/2023\/01\/WhatsApp-Image-2023-01-03-at-17.07.36-1536x1199.jpeg 1536w, https:\/\/mfteknoloji.com\/wp-content\/uploads\/2023\/01\/WhatsApp-Image-2023-01-03-at-17.07.36-423x330.jpeg 423w, https:\/\/mfteknoloji.com\/wp-content\/uploads\/2023\/01\/WhatsApp-Image-2023-01-03-at-17.07.36.jpeg 2048w\" sizes=\"auto, (max-width: 1024px) 100vw, 1024px\" \/><\/a><\/figure>\n\n\n\n<figure class=\"wp-block-image size-large\"><a href=\"https:\/\/mfteknoloji.com\/wp-content\/uploads\/2023\/01\/WhatsApp-Image-2023-01-03-at-17.07.37-2.jpeg\"><img loading=\"lazy\" decoding=\"async\" width=\"1024\" height=\"786\" data-id=\"688\" src=\"https:\/\/mfteknoloji.com\/wp-content\/uploads\/2023\/01\/WhatsApp-Image-2023-01-03-at-17.07.37-2-1024x786.jpeg\" alt=\"\" class=\"wp-image-688\" srcset=\"https:\/\/mfteknoloji.com\/wp-content\/uploads\/2023\/01\/WhatsApp-Image-2023-01-03-at-17.07.37-2-1024x786.jpeg 1024w, https:\/\/mfteknoloji.com\/wp-content\/uploads\/2023\/01\/WhatsApp-Image-2023-01-03-at-17.07.37-2-300x230.jpeg 300w, https:\/\/mfteknoloji.com\/wp-content\/uploads\/2023\/01\/WhatsApp-Image-2023-01-03-at-17.07.37-2-768x589.jpeg 768w, https:\/\/mfteknoloji.com\/wp-content\/uploads\/2023\/01\/WhatsApp-Image-2023-01-03-at-17.07.37-2-1536x1178.jpeg 1536w, https:\/\/mfteknoloji.com\/wp-content\/uploads\/2023\/01\/WhatsApp-Image-2023-01-03-at-17.07.37-2-430x330.jpeg 430w, https:\/\/mfteknoloji.com\/wp-content\/uploads\/2023\/01\/WhatsApp-Image-2023-01-03-at-17.07.37-2.jpeg 2048w\" sizes=\"auto, (max-width: 1024px) 100vw, 1024px\" \/><\/a><\/figure>\n\n\n\n<figure class=\"wp-block-image size-large\"><a href=\"https:\/\/mfteknoloji.com\/wp-content\/uploads\/2023\/01\/WhatsApp-Image-2023-01-03-at-17.07.37-3.jpeg\"><img loading=\"lazy\" decoding=\"async\" width=\"1024\" height=\"786\" data-id=\"689\" src=\"https:\/\/mfteknoloji.com\/wp-content\/uploads\/2023\/01\/WhatsApp-Image-2023-01-03-at-17.07.37-3-1024x786.jpeg\" alt=\"\" class=\"wp-image-689\" srcset=\"https:\/\/mfteknoloji.com\/wp-content\/uploads\/2023\/01\/WhatsApp-Image-2023-01-03-at-17.07.37-3-1024x786.jpeg 1024w, https:\/\/mfteknoloji.com\/wp-content\/uploads\/2023\/01\/WhatsApp-Image-2023-01-03-at-17.07.37-3-300x230.jpeg 300w, https:\/\/mfteknoloji.com\/wp-content\/uploads\/2023\/01\/WhatsApp-Image-2023-01-03-at-17.07.37-3-768x589.jpeg 768w, https:\/\/mfteknoloji.com\/wp-content\/uploads\/2023\/01\/WhatsApp-Image-2023-01-03-at-17.07.37-3-1536x1178.jpeg 1536w, https:\/\/mfteknoloji.com\/wp-content\/uploads\/2023\/01\/WhatsApp-Image-2023-01-03-at-17.07.37-3-430x330.jpeg 430w, https:\/\/mfteknoloji.com\/wp-content\/uploads\/2023\/01\/WhatsApp-Image-2023-01-03-at-17.07.37-3.jpeg 2048w\" sizes=\"auto, (max-width: 1024px) 100vw, 1024px\" \/><\/a><\/figure>\n\n\n\n<figure class=\"wp-block-image size-large\"><a href=\"https:\/\/mfteknoloji.com\/wp-content\/uploads\/2023\/01\/WhatsApp-Image-2023-01-03-at-17.07.38-1.jpeg\"><img loading=\"lazy\" decoding=\"async\" width=\"1024\" height=\"529\" data-id=\"694\" src=\"https:\/\/mfteknoloji.com\/wp-content\/uploads\/2023\/01\/WhatsApp-Image-2023-01-03-at-17.07.38-1-1024x529.jpeg\" alt=\"\" class=\"wp-image-694\" srcset=\"https:\/\/mfteknoloji.com\/wp-content\/uploads\/2023\/01\/WhatsApp-Image-2023-01-03-at-17.07.38-1-1024x529.jpeg 1024w, https:\/\/mfteknoloji.com\/wp-content\/uploads\/2023\/01\/WhatsApp-Image-2023-01-03-at-17.07.38-1-300x155.jpeg 300w, https:\/\/mfteknoloji.com\/wp-content\/uploads\/2023\/01\/WhatsApp-Image-2023-01-03-at-17.07.38-1-768x397.jpeg 768w, https:\/\/mfteknoloji.com\/wp-content\/uploads\/2023\/01\/WhatsApp-Image-2023-01-03-at-17.07.38-1-1536x794.jpeg 1536w, https:\/\/mfteknoloji.com\/wp-content\/uploads\/2023\/01\/WhatsApp-Image-2023-01-03-at-17.07.38-1-583x301.jpeg 583w, https:\/\/mfteknoloji.com\/wp-content\/uploads\/2023\/01\/WhatsApp-Image-2023-01-03-at-17.07.38-1.jpeg 1796w\" sizes=\"auto, (max-width: 1024px) 100vw, 1024px\" \/><\/a><\/figure>\n\n\n\n<figure class=\"wp-block-image size-large\"><a href=\"https:\/\/mfteknoloji.com\/wp-content\/uploads\/2023\/01\/WhatsApp-Image-2023-01-03-at-17.07.38.jpeg\"><img loading=\"lazy\" decoding=\"async\" width=\"1024\" height=\"1017\" data-id=\"690\" src=\"https:\/\/mfteknoloji.com\/wp-content\/uploads\/2023\/01\/WhatsApp-Image-2023-01-03-at-17.07.38-1024x1017.jpeg\" alt=\"\" class=\"wp-image-690\" srcset=\"https:\/\/mfteknoloji.com\/wp-content\/uploads\/2023\/01\/WhatsApp-Image-2023-01-03-at-17.07.38-1024x1017.jpeg 1024w, https:\/\/mfteknoloji.com\/wp-content\/uploads\/2023\/01\/WhatsApp-Image-2023-01-03-at-17.07.38-300x298.jpeg 300w, https:\/\/mfteknoloji.com\/wp-content\/uploads\/2023\/01\/WhatsApp-Image-2023-01-03-at-17.07.38-150x150.jpeg 150w, https:\/\/mfteknoloji.com\/wp-content\/uploads\/2023\/01\/WhatsApp-Image-2023-01-03-at-17.07.38-768x762.jpeg 768w, https:\/\/mfteknoloji.com\/wp-content\/uploads\/2023\/01\/WhatsApp-Image-2023-01-03-at-17.07.38-1536x1525.jpeg 1536w, https:\/\/mfteknoloji.com\/wp-content\/uploads\/2023\/01\/WhatsApp-Image-2023-01-03-at-17.07.38-332x330.jpeg 332w, https:\/\/mfteknoloji.com\/wp-content\/uploads\/2023\/01\/WhatsApp-Image-2023-01-03-at-17.07.38.jpeg 2048w\" sizes=\"auto, (max-width: 1024px) 100vw, 1024px\" \/><\/a><\/figure>\n\n\n\n<figure class=\"wp-block-image size-full\"><img loading=\"lazy\" decoding=\"async\" width=\"2048\" height=\"1571\" data-id=\"780\" src=\"https:\/\/mfteknoloji.com\/wp-content\/uploads\/2023\/01\/WhatsApp-Image-2023-01-03-at-17.07.37-2-1.jpeg\" alt=\"\" class=\"wp-image-780\" srcset=\"https:\/\/mfteknoloji.com\/wp-content\/uploads\/2023\/01\/WhatsApp-Image-2023-01-03-at-17.07.37-2-1.jpeg 2048w, https:\/\/mfteknoloji.com\/wp-content\/uploads\/2023\/01\/WhatsApp-Image-2023-01-03-at-17.07.37-2-1-300x230.jpeg 300w, https:\/\/mfteknoloji.com\/wp-content\/uploads\/2023\/01\/WhatsApp-Image-2023-01-03-at-17.07.37-2-1-1024x786.jpeg 1024w, https:\/\/mfteknoloji.com\/wp-content\/uploads\/2023\/01\/WhatsApp-Image-2023-01-03-at-17.07.37-2-1-768x589.jpeg 768w, https:\/\/mfteknoloji.com\/wp-content\/uploads\/2023\/01\/WhatsApp-Image-2023-01-03-at-17.07.37-2-1-1536x1178.jpeg 1536w, https:\/\/mfteknoloji.com\/wp-content\/uploads\/2023\/01\/WhatsApp-Image-2023-01-03-at-17.07.37-2-1-430x330.jpeg 430w\" sizes=\"auto, (max-width: 2048px) 100vw, 2048px\" \/><\/figure>\n<\/figure>\n<\/div><\/div>\n<\/div><\/div>\n<\/div>\n<\/div>\n<\/div><\/div>\n\n\n\n<div class=\"wp-block-columns is-layout-flex wp-container-core-columns-is-layout-9d6595d7 wp-block-columns-is-layout-flex\">\n<div class=\"wp-block-column is-layout-flow wp-block-column-is-layout-flow\">\n<hr class=\"wp-block-separator has-alpha-channel-opacity\"\/>\n\n\n\n<p class=\"has-text-align-center has-normal-font-size\"><strong>ORGAN\u0130K H\u0130PO \u00dcRET\u0130M HATTI<\/strong><\/p>\n\n\n\n<hr class=\"wp-block-separator has-alpha-channel-opacity\"\/>\n\n\n\n<figure class=\"wp-block-gallery has-nested-images columns-default is-cropped wp-block-gallery-3 is-layout-flex wp-block-gallery-is-layout-flex\">\n<figure class=\"wp-block-image size-large\"><img loading=\"lazy\" decoding=\"async\" width=\"637\" height=\"475\" data-id=\"786\" src=\"https:\/\/mfteknoloji.com\/wp-content\/uploads\/2023\/01\/RESIM2.jpg\" alt=\"\" class=\"wp-image-786\" srcset=\"https:\/\/mfteknoloji.com\/wp-content\/uploads\/2023\/01\/RESIM2.jpg 637w, https:\/\/mfteknoloji.com\/wp-content\/uploads\/2023\/01\/RESIM2-300x224.jpg 300w, https:\/\/mfteknoloji.com\/wp-content\/uploads\/2023\/01\/RESIM2-443x330.jpg 443w\" sizes=\"auto, (max-width: 637px) 100vw, 637px\" \/><\/figure>\n<\/figure>\n<\/div>\n\n\n\n<div class=\"wp-block-column is-layout-flow wp-block-column-is-layout-flow\">\n<hr class=\"wp-block-separator has-alpha-channel-opacity\"\/>\n\n\n\n<p class=\"has-text-align-center has-normal-font-size\"><strong>RE\u00c7\u0130NE \u00dcRET\u0130M HATTI<\/strong><\/p>\n\n\n\n<hr class=\"wp-block-separator has-alpha-channel-opacity\"\/>\n\n\n\n<figure class=\"wp-block-gallery has-nested-images columns-default is-cropped wp-block-gallery-4 is-layout-flex wp-block-gallery-is-layout-flex\">\n<figure class=\"wp-block-image size-large\"><img loading=\"lazy\" decoding=\"async\" width=\"608\" height=\"455\" data-id=\"787\" src=\"https:\/\/mfteknoloji.com\/wp-content\/uploads\/2023\/01\/RESIM3.jpg\" alt=\"\" class=\"wp-image-787\" srcset=\"https:\/\/mfteknoloji.com\/wp-content\/uploads\/2023\/01\/RESIM3.jpg 608w, https:\/\/mfteknoloji.com\/wp-content\/uploads\/2023\/01\/RESIM3-300x225.jpg 300w, https:\/\/mfteknoloji.com\/wp-content\/uploads\/2023\/01\/RESIM3-441x330.jpg 441w\" sizes=\"auto, (max-width: 608px) 100vw, 608px\" \/><\/figure>\n<\/figure>\n<\/div>\n<\/div>\n\n\n\n<hr class=\"wp-block-separator has-alpha-channel-opacity\"\/>\n\n\n\n<p><\/p>\n","protected":false},"excerpt":{"rendered":"<p>KATI KATI\u015eTIRICI \u00dcRET\u0130M HATTI H\u0130PO \u00dcRET\u0130M HATTI ORGAN\u0130K H\u0130PO \u00dcRET\u0130M HATTI RE\u00c7\u0130NE \u00dcRET\u0130M HATTI<\/p>\n","protected":false},"author":1,"featured_media":872,"parent":0,"menu_order":0,"comment_status":"closed","ping_status":"closed","template":"","meta":{"om_disable_all_campaigns":false,"_monsterinsights_skip_tracking":false,"_monsterinsights_sitenote_active":false,"_monsterinsights_sitenote_note":"","_monsterinsights_sitenote_category":0,"footnotes":""},"class_list":["post-47","page","type-page","status-publish","has-post-thumbnail","hentry"],"_links":{"self":[{"href":"https:\/\/mfteknoloji.com\/index.php?rest_route=\/wp\/v2\/pages\/47","targetHints":{"allow":["GET"]}}],"collection":[{"href":"https:\/\/mfteknoloji.com\/index.php?rest_route=\/wp\/v2\/pages"}],"about":[{"href":"https:\/\/mfteknoloji.com\/index.php?rest_route=\/wp\/v2\/types\/page"}],"author":[{"embeddable":true,"href":"https:\/\/mfteknoloji.com\/index.php?rest_route=\/wp\/v2\/users\/1"}],"replies":[{"embeddable":true,"href":"https:\/\/mfteknoloji.com\/index.php?rest_route=%2Fwp%2Fv2%2Fcomments&post=47"}],"version-history":[{"count":102,"href":"https:\/\/mfteknoloji.com\/index.php?rest_route=\/wp\/v2\/pages\/47\/revisions"}],"predecessor-version":[{"id":910,"href":"https:\/\/mfteknoloji.com\/index.php?rest_route=\/wp\/v2\/pages\/47\/revisions\/910"}],"wp:featuredmedia":[{"embeddable":true,"href":"https:\/\/mfteknoloji.com\/index.php?rest_route=\/wp\/v2\/media\/872"}],"wp:attachment":[{"href":"https:\/\/mfteknoloji.com\/index.php?rest_route=%2Fwp%2Fv2%2Fmedia&parent=47"}],"curies":[{"name":"wp","href":"https:\/\/api.w.org\/{rel}","templated":true}]}}